{"id":152,"date":"2023-05-30T18:05:36","date_gmt":"2023-05-30T09:05:36","guid":{"rendered":"https:\/\/miyata.issp.u-tokyo.ac.jp\/?page_id=152"},"modified":"2025-12-13T11:53:13","modified_gmt":"2025-12-13T02:53:13","slug":"publications","status":"publish","type":"page","link":"https:\/\/miyata.issp.u-tokyo.ac.jp\/en\/publications\/","title":{"rendered":"Publications"},"content":{"rendered":"\n<p>Since 2023,<\/p>\n\n\n\n<div class=\"wp-block-group is-vertical is-layout-flex wp-container-core-group-is-layout-2 wp-block-group-is-layout-flex\">\n<h3 class=\"wp-block-heading\">2025<\/h3>\n\n\n\n<ul>\n<li>J Grumbach, J Sourd, M Deeb, <strong>A Miyata<\/strong>, H Suwa, T Gottschall, A Hauspurg, S Chattopadhyay, M Rotter, S Granovsky, L Prodan, V Tsurkan, S Zherlitsyn, M Doerr, J Wosnitza, Phys. Rev. B, <strong>112<\/strong>, 214415 (2025). <br>&#8220;Contrasting magnetic behavior in spinel compounds investigated by magnetoelastic studies&#8221;<\/li>\n\n\n\n<li><strong>Lev Bergsma<\/strong>, <strong>Zhuo Yang<\/strong>, <strong>Bei Sun<\/strong>, Yasuhiro H Matsuda, Koichi Kindo, Hiroshi Kageyama, Hiroaki Ueda, Henrik M Ronnow, <strong>Atsuhiko Miyata<\/strong>, Review of Scientific Instruments, <strong>96<\/strong>, 113903 (2025).<br>&#8220;Miniaturized and robust tunable monochromatic magneto-optical platform for pulsed magnetic fields&#8221;<\/li>\n\n\n\n<li>O Benton, Y Skourski, D Gorbunov, <strong>A Miyata<\/strong>, S Chattopadhyay, J Wosnitza, M Ciomaga Hatnean, G Balakrishnan, S Zherlitsyn, OA Petrenko, arXiv:2511.22517 (2025).<br>&#8220;Large out-of-equilibrium magnetocaloric effect in rare-earth zirconate pyrochlores&#8221;<\/li>\n\n\n\n<li>Xu-Guang Zhou, Han Li, Chaebin Kim, Akira Matsuo, Kavita Mehlawat, Kazuki Matsui, <strong>Zhuo Yang<\/strong>, <strong>Atsuhiko Miyata<\/strong>, Gang Su, Koichi Kindo, Je-Geun Park, Yoshimitsu Kohama, Wei Li, Yasuhiro H Matsuda, Phys. Rev. B, <strong>112<\/strong>, L241108 (2025). <br>&#8220;Dominant Kitaev interaction and field-induced quantum disordered phase in the cobaltate Na2Co2TeO6&#8221;<\/li>\n\n\n\n<li><strong>Atsuhiko Miyata<\/strong>, Kazuki Matsui, Akira Matsuo, Akihiro Kikuchi, Koichi Kindo, IEEE TAS (2025). <br>&#8220;Current Status and Recent Developments of Non-Destructive Pulsed Magnets at ISSP, the University of Tokyo&#8221;<\/li>\n\n\n\n<li><strong>Zhuo Yang<\/strong>, Jinbo Wang, Yuto Ishii, Duncan K. Maude, <strong>Atsuhiko Miyata<\/strong>, Yasuhiro H. Matsuda, arXiv:2510.00661 (2025). <br>&#8220;Possible evidence for Harper broadening in the yellow exciton series of Cu2O at ultrahigh magnetic fields&#8221;<\/li>\n\n\n\n<li>Yi Cui, Zhanlong Wu, Zhongcen Sun, Kefan Du, Jun Luo, Shuo Li, Jie Yang, Jinchen Wang, Rui Zhou, Qian Chen, Yoshimitsu Kohama, <strong>Atsuhiko Miyata<\/strong>, <strong>Zhuo Yang<\/strong>, Rong Yu, Weiqiang Yu, arXiv:2509.26151 (2025).<br>&#8220;Spin-supersolidity induced quantum criticality and magnetocaloric effect in the triangular-lattice antiferromagnet Rb2Co(SeO3)2&#8221;<\/li>\n\n\n\n<li><strong>Zhuo Yang<\/strong>, Toshihiro Nomura, <strong>Atsuhiko Miyata<\/strong>, Laurence Eaves, Amalia Patan\u00e8, Duncan K Maude, Yoshimitsu Kohama, Phys. Rev. B, <strong>112<\/strong>, 085203 (2025).<br>&#8220;Magneto-optical transmission spectroscopy up to 60 T of indirect excitons in the van der Waals semiconductor SnSe&#8221;<\/li>\n\n\n\n<li>David Szaller, Lilian Prodan, Korbinian Geirhos, Viorel Felea, Yurii Skourski, Denis Gorbunov, T F\u00f6rster, Toni Helm, Toshihiro Nomura, <strong>Atsuhiko Miyata<\/strong>, S Zherlitsyn, Joachim Wosnitza, Alexander A Tsirlin, Vladimir Tsurkan, Istv\u00e1n K\u00e9zsm\u00e1rki, Phys. Rev. B, <strong>111<\/strong>, 184404 (2025).<br>&#8220;Coexistence of antiferromagnetism and ferrimagnetism in adjacent honeycomb layers&#8221;<\/li>\n<\/ul>\n\n\n\n<h3 class=\"wp-block-heading\">2024<\/h3>\n\n\n\n<ul>\n<li>Michal Vali\u0161ka, Tetiana Haidamak, Andrej Cabala, Ji\u0159\u00ed Posp\u00ed\u0161il, Ga\u00ebl Bastien, Vladim\u00edr Sechovsk\u00fd, Jan Prokle\u0161ka, Tatsuya Yanagisawa, Petr Opletal, Hironori Sakai, Yoshinori Haga, <strong>Atsuhiko Miyata<\/strong>, Denis Gorbunov, Sergei Zherlitsyn, Phys. Rev. Materials, <strong>8<\/strong>, 094415 (2024).<br>&#8220;Dramatic elastic response at the critical end point in UTe2&#8221;<\/li>\n\n\n\n<li>Jeremy Sourd, Yurii Skourski, Lilian Prodan, Vladimir Tsurkan, <strong>Atsuhiko Miyata<\/strong>, Joachim Wosnitza, Sergei Zherlitsyn, Phys. Rev. B, <strong>110<\/strong>, 094414 (2024).<br>&#8220;Magnon-phonon interactions in the spinel compound MnSc2\u2062Se4&#8221;<\/li>\n\n\n\n<li>Xu-Guang Zhou, Han Li, Chaebin Kim, Akira Matsuo, Kavita Mehlawat, Kazuki Matsui, <strong>Zhuo Yang<\/strong>, <strong>Atsuhiko Miyata<\/strong>, Gang Su, Koichi Kindo, Je-Geun Park, Yoshimitsu Kohama, Wei Li, Yasuhiro H Matsuda, arXiv:2408.01957 (2024).<br>&#8220;Dominant Kitaev Interaction and Field-induced Quantum Disordered Phase in the Cobaltate Na2Co2TeO6&#8221;<\/li>\n\n\n\n<li>Xu-Guang Zhou, <strong>Zhuo Yang<\/strong>, Youjin Lee, Jaena Park, Yoshimitsu Kohama, Koichi Kindo, Yasuhiro H. Matsuda, &nbsp;Je-Geun Park, Oleg Janson, and <strong>Atsuhiko Miyata<\/strong>, arXiv:2405.10326 (2024).<br>&#8220;Giant Linear Dichroism Controlled by Magnetic Field in FePS3&#8221;<\/li>\n\n\n\n<li>Sh. Yamamoto, D.I. Gorbunov, O. Prokhnenko, E. Weschke, <strong>A. Miyata<\/strong>, I.F. Diaz-Ortega, C. Strohm, F. Duc, M.S. Henriques, A. Gazizulina, M. Uhlarz, O. Mathon, A.V. Andreev, H. Nojiri, J. Wosnitza, Phys. Rev. B, <strong>109<\/strong>, 094404 (2024).<br>&#8220;Field-induced magnetic transitions in the highly anisotropic ferrimagnet ErFe5\u2062Al7 studied by high-field x-ray magnetic dichroism&#8221;<\/li>\n\n\n\n<li>T. Helm, M. Kimata, K. Sudo, <strong>A. Miyata<\/strong>, J. Stirnat, T. F\u00f6rster, J. Hornung, M. K\u00f6nig, I. Sheikin, A. Pourret, G. Lapertot, D. Aoki, G. Knebel, J. Wosnitza, J.-P. Brison, Nature Communications <strong>15<\/strong>, 37 (2024).<br>&#8220;Field-induced compensation of magnetic exchange as the possible origin of reentrant superconductivity in UTe2&#8221;<\/li>\n<\/ul>\n\n\n\n<h3 class=\"wp-block-heading\">2023<\/h3>\n\n\n\n<div class=\"wp-block-group is-vertical is-layout-flex wp-container-core-group-is-layout-1 wp-block-group-is-layout-flex\">\n<ul>\n<li>I. Ishii, T. Umeno, R. Yamamoto, T. Onimaru, T. Suzuki, K. Araki,<strong> A. Miyata<\/strong>, S. Zherlitsyn, J. Wosnitza, Phys. Rev. B, <strong>108<\/strong>, 205127 (2023).<br>&#8220;Local-symmetry-sensitive elastic softening in the Kramers doublet system Y1\u2212\ud835\udc65\u2062Nd\ud835\udc65\u2062Co2\u2062Zn20&#8221;<\/li>\n\n\n\n<li>M. Vali\u0161ka, A. Cabala, J. Posp\u00ed\u0161il, G. Bastien, T. Yanagisawa, P. Opletal, H. Sakai, Y. Haga, <strong>A. Miyata<\/strong>, S. Zherlitsyn, V. Sechovsk\u00fd, J. Prokle\u0161ka, arXiv:2307.01884 (2023).<\/li>\n\n\n\n<li>T. Nomura, P. Corboz, <strong>A. Miyata<\/strong>, S. Zherlitsyn, Y. Ishii, Y. Kohama, Y.H. Matsuda, A. Ikeda, C. Zhong, H. Kageyama, and F. Mila, Nature Communications <strong>14<\/strong>, 3769 (2023).<br>&#8220;Unveiling new quantum phases in the Shastry-Sutherland compound SrCu2(BO3)2 up to the saturation magnetic field&#8221;<\/li>\n\n\n\n<li>I. Ishii, T. Suzuki, A. V. Andreev, K. Mitsumoto, K. Araki, <strong>A. Miyata,<\/strong> D.I. Gorbunov, S. Zherlitsyn, and J. Wosnitz, Phys. Rev. B, <strong>107<\/strong>, 205136 (2023).<br>&#8220;Magnetic field induced reentrant multipolar ordering in the distorted kagome-lattice antiferromagnet Dy3\u2062Ru4\u2062Al12&#8221;<\/li>\n<\/ul>\n<\/div>\n<\/div>\n\n\n\n<hr class=\"wp-block-separator has-alpha-channel-opacity is-style-wide\"\/>\n\n\n\n<p>Please see <strong><a href=\"https:\/\/scholar.google.com\/citations?user=KH90-10AAAAJ&amp;hl=en\">Google Scholar<\/a><\/strong> for publications before 2023.<\/p>\n","protected":false},"excerpt":{"rendered":"<p>Since 2023, 2025 2024 2023 Please see Google Scholar for publications before 2023.<\/p>\n","protected":false},"author":1,"featured_media":0,"parent":0,"menu_order":0,"comment_status":"closed","ping_status":"closed","template":"","meta":{"_locale":"en_US","_original_post":"https:\/\/miyata.issp.u-tokyo.ac.jp\/?page_id=16","footnotes":""},"_links":{"self":[{"href":"https:\/\/miyata.issp.u-tokyo.ac.jp\/wp-json\/wp\/v2\/pages\/152"}],"collection":[{"href":"https:\/\/miyata.issp.u-tokyo.ac.jp\/wp-json\/wp\/v2\/pages"}],"about":[{"href":"https:\/\/miyata.issp.u-tokyo.ac.jp\/wp-json\/wp\/v2\/types\/page"}],"author":[{"embeddable":true,"href":"https:\/\/miyata.issp.u-tokyo.ac.jp\/wp-json\/wp\/v2\/users\/1"}],"replies":[{"embeddable":true,"href":"https:\/\/miyata.issp.u-tokyo.ac.jp\/wp-json\/wp\/v2\/comments?post=152"}],"version-history":[{"count":12,"href":"https:\/\/miyata.issp.u-tokyo.ac.jp\/wp-json\/wp\/v2\/pages\/152\/revisions"}],"predecessor-version":[{"id":778,"href":"https:\/\/miyata.issp.u-tokyo.ac.jp\/wp-json\/wp\/v2\/pages\/152\/revisions\/778"}],"wp:attachment":[{"href":"https:\/\/miyata.issp.u-tokyo.ac.jp\/wp-json\/wp\/v2\/media?parent=152"}],"curies":[{"name":"wp","href":"https:\/\/api.w.org\/{rel}","templated":true}]}}